{"id":1066,"date":"2021-04-20T11:22:08","date_gmt":"2021-04-20T11:22:08","guid":{"rendered":"https:\/\/marmelli.fi\/?page_id=1066"},"modified":"2026-04-30T10:39:02","modified_gmt":"2026-04-30T10:39:02","slug":"vuokraehdot","status":"publish","type":"page","link":"https:\/\/marmelli.fi\/?page_id=1066","title":{"rendered":"Vuokraehdot"},"content":{"rendered":"\t\t<div data-elementor-type=\"wp-page\" data-elementor-id=\"1066\" class=\"elementor elementor-1066\" data-elementor-post-type=\"page\">\n\t\t\t\t\t\t<section class=\"elementor-section elementor-top-section elementor-element elementor-element-24738ec elementor-section-boxed elementor-section-height-default elementor-section-height-default\" data-id=\"24738ec\" data-element_type=\"section\">\n\t\t\t\t\t\t<div class=\"elementor-container elementor-column-gap-default\">\n\t\t\t\t\t<div class=\"elementor-column elementor-col-100 elementor-top-column elementor-element elementor-element-59e71bd8\" data-id=\"59e71bd8\" data-element_type=\"column\">\n\t\t\t<div class=\"elementor-widget-wrap elementor-element-populated\">\n\t\t\t\t\t\t<div class=\"elementor-element elementor-element-65796f8f elementor-widget elementor-widget-text-editor\" data-id=\"65796f8f\" data-element_type=\"widget\" data-widget_type=\"text-editor.default\">\n\t\t\t\t<div class=\"elementor-widget-container\">\n\t\t\t\t\t\t\t<p>VUOKRAUS- JA TOIMITUSEHDOT<\/p>\n<p><!-- \/wp:paragraph --><!-- wp:paragraph --><\/p>\n<p><strong>Ehtojen soveltamisala ja sopijaosapuolet<\/strong><\/p>\n<p><!-- \/wp:paragraph --><!-- wp:paragraph --><\/p>\n<p>N\u00e4it\u00e4 sopimusehtoja sovelletaan Marmelli Oy:n ja asiakkaan (vuokraajan) v\u00e4lisiin astiavuokraus-, palvelu-, sek\u00e4 kalustonvuokraussopimuksiin. J\u00e4ljemp\u00e4n\u00e4 ehdoissa n\u00e4ist\u00e4 k\u00e4ytet\u00e4\u00e4n yhteisnimityst\u00e4 v\u00e4lineist\u00f6. Ehdot p\u00e4tev\u00e4t kaikkiin Marmelli Oy:n ja vuokraavan asiakkaan v\u00e4lisiin sopimuksiin, ellei kirjallisesti ole toisin sovittu.&nbsp;<\/p>\n<p><!-- \/wp:paragraph --><!-- wp:paragraph --><\/p>\n<p><strong>Vuokra-aika<\/strong> <strong>ja toimitusehdot<\/strong><\/p>\n<p><!-- \/wp:paragraph --><!-- wp:paragraph --><\/p>\n<p>Vuokra-aika alkaa p\u00e4iv\u00e4st\u00e4, jolloin tilaus noudetaan tai on ollut sovitusti noudettavissa vuokralleantajan varastosta tai kun se on toimitettu vuokraajan ilmoittamaan toimitusosoitteeseen sovittuna aikana. Vuokra-aika p\u00e4\u00e4ttyy p\u00e4iv\u00e4n\u00e4, kun vuokrattu v\u00e4lineist\u00f6 palautetaan Marmelli Oy:n ilmoittamaan osoitteeseen tai kun Marmelli Oy:n henkil\u00f6kunta noutaa vuokratun v\u00e4lineist\u00f6n ennalta sovitusta noutopaikasta. Tuotteen yksikk\u00f6vuokrahinta koskee seuraavana m\u00e4\u00e4ritelty\u00e4 vuokra-aikaa. Vuokra-aika alkaa tilaisuutta edelt\u00e4v\u00e4n\u00e4 p\u00e4iv\u00e4n\u00e4 kello 18.00 iltap\u00e4iv\u00e4ll\u00e4 ja loppuu tilaisuuden j\u00e4lkeisen\u00e4 p\u00e4iv\u00e4n\u00e4 kello 15.00. Seuraavat vuokrap\u00e4iv\u00e4t veloitetaan lis\u00e4vuorokausi kerrallaan kirjallisen sopimuksen mukaisesti.<\/p>\n<p><!-- \/wp:paragraph --><!-- wp:paragraph --><\/p>\n<p>Asiakas voi tilata vuokratuille tuotteille toimituksen Marmelli Oy:lt\u00e4. Marmelli Oy toimittaa vuokratun v\u00e4lineist\u00f6n asiakkaan ilmoittamaan osoitteeseen ja veloittaa asiakasta etuk\u00e4teen, ellei muuta ole sovittu. Toimituskulut on kiinte\u00e4 7,50 \u20ac veloitus 10 kilometrin s\u00e4teell\u00e4 Rovaniemen keskustasta. Lis\u00e4kilometrit veloitetaan hintaan + 1,30\u20ac \/ yli menev\u00e4 kilometri.<\/p>\n<p><!-- \/wp:paragraph --><!-- wp:paragraph --><\/p>\n<p><strong>Vuokratilauksen maksaminen<\/strong><\/p>\n<p><!-- \/wp:paragraph --><!-- wp:paragraph --><\/p>\n<p>Hinnat sis\u00e4lt\u00e4v\u00e4t arvonlis\u00e4veron. Vuokraus maksetaan ennakkoon laskulla. Asiakkaalta laskutetaan ennakkoon h\u00e4nen vuokraamansa tuotteet ja palvelut. V\u00e4himm\u00e4islaskutusm\u00e4\u00e4r\u00e4 25,00 \u20ac. Marmellilla on oikeus laskuttaa j\u00e4lkik\u00e4teen asiakasta rikkoutuneista ja kadonneista tuotteista sek\u00e4 lis\u00e4palveluista joita asiakas on tilannut juhlap\u00e4iv\u00e4n\u00e4 tai muuten j\u00e4lkik\u00e4teen.<\/p>\n<p><!-- \/wp:paragraph --><!-- wp:paragraph --><\/p>\n<p><strong>Vuokrav\u00e4lineist\u00f6n k\u00e4ytt\u00f6<\/strong><\/p>\n<p><!-- \/wp:paragraph --><!-- wp:paragraph --><\/p>\n<p>Vuokraajan tulee tutustua v\u00e4lineist\u00f6n turva- ja k\u00e4ytt\u00f6ohjeeseen sek\u00e4 noudattaa Marmelli Oy:n v\u00e4lineist\u00f6n mukana antamia rakennus- tai pystytysohjeita. Vuokraaja saa k\u00e4ytt\u00e4\u00e4 vuokrattua v\u00e4lineist\u00f6\u00e4 huolellisesti vain niille tarkoitettuun tavanomaiseen k\u00e4ytt\u00f6\u00f6n ja k\u00e4ytt\u00e4\u00e4 s\u00e4hk\u00f6laitteita aina vain k\u00e4ytt\u00f6ohjeiden mukaisesti. Vuokratun v\u00e4lineist\u00f6n pesu on mahdollista astianpesukoneessa, jos siihen ei ole erikseen laitettu koneessa pesu kielletty -tarraa.&nbsp;<\/p>\n<p><!-- \/wp:paragraph --><!-- wp:paragraph --><\/p>\n<p>Vuokraaja ei saa suorittaa omia asennuksia vuokrav\u00e4lineist\u00f6\u00f6n, korjauttaa niit\u00e4 kolmannella osapuolella tai itse korjata niit\u00e4 ilman Marmelli Oy:n antamaa suostumusta.&nbsp;<\/p>\n<p><!-- \/wp:paragraph --><!-- wp:paragraph --><\/p>\n<p><strong>Vuokratun v\u00e4lineist\u00f6n palautus<\/strong><\/p>\n<p><!-- \/wp:paragraph --><!-- wp:paragraph --><\/p>\n<p>Vuokraajan tulee palauttaa vuokrattu v\u00e4lineist\u00f6 Marmelli Oy:n haltuun v\u00e4litt\u00f6m\u00e4sti vuokra-ajan p\u00e4\u00e4ttyess\u00e4 sovitussa kunnossa sek\u00e4 samoihin kuljetuslaatikoihin pakattuna kuin vuokrattaessa. V\u00e4lineist\u00f6 tulee palauttaa samaan varastoon, josta vuokraus on tapahtunut, ellei muuta ole Marmelli Oy:n kanssa sovittu. Jos v\u00e4lineist\u00f6\u00e4 palautetaan sopimuksesta poiketen, Marmelli Oy:ll\u00e4 on oikeus l\u00e4hett\u00e4\u00e4 asiakkaalle j\u00e4lkik\u00e4teen lasku, joka korvaa sopimuksen ulkopuolisen ty\u00f6n, ajan ja\/tai materiaalin.&nbsp;<\/p>\n<p><!-- \/wp:paragraph --><!-- wp:paragraph --><\/p>\n<p>Vuokraajalla on tilausta tehdess\u00e4\u00e4n mahdollisuus valita v\u00e4lineist\u00f6n puhdistus palautusta varten.&nbsp; Puhdistamattomista astioista laskutamme +25 % lis\u00e4maksua v\u00e4lineen vuokrahinnasta. Tekstiileiss\u00e4 pesu sis\u00e4ltyy ilmoitettuun vuokrahintaan.<\/p>\n<p><!-- \/wp:paragraph --><!-- wp:paragraph --><\/p>\n<p>Palautuksen viiv\u00e4styess\u00e4 sovitusta, v\u00e4lineist\u00f6n lis\u00e4vuokra veloitetaan vuorokausi kerrallaan sivuston tuotehintojen mukaisesti.&nbsp;<\/p>\n<p><!-- \/wp:paragraph --><!-- wp:paragraph --><\/p>\n<p><strong>Peruutusehdot<\/strong><\/p>\n<p><!-- \/wp:paragraph --><!-- wp:paragraph --><\/p>\n<p>Asiakkaille annettuihin tarjouksiin Marmelli Oy ilmoittaa tarjouksen voimassaoloajan. Voimassaoloajan ulkopuolella Marmelli Oyll\u00e4 on oikeus muuttaa annetun tarjouksen hintoja.&nbsp;<\/p>\n<p><!-- \/wp:paragraph --><!-- wp:paragraph --><\/p>\n<p>Jos tilaisuus peruuntuu, on Marmelli Oyll\u00e4 oikeus laskuttaa tarjoiluty\u00f6st\u00e4 v\u00e4himm\u00e4istuntim\u00e4\u00e4r\u00e4, alla olevien peruutusehtojen aikataulun mukaisesti. Laskutettava v\u00e4himm\u00e4istuntim\u00e4\u00e4r\u00e4 sovitaan kirjallisesti jokaisen asiakkaan tilaisuuteen sopivaksi.<\/p>\n<p><!-- \/wp:paragraph --><!-- wp:paragraph --><\/p>\n<p><em>Alle 30 henkil\u00f6n tilaisuudet<\/em><\/p>\n<p><!-- \/wp:paragraph --><!-- wp:paragraph --><\/p>\n<p>Jos asiakas peruuttaa palvelun tai v\u00e4lineist\u00f6n vuokrauksen v\u00e4hint\u00e4\u00e4n 1 (yht\u00e4) viikkoa ennen tilaisuuden ajankohtaa, ei t\u00e4st\u00e4 koidu asiakkaalle lis\u00e4kustannuksia.&nbsp;<\/p>\n<p><!-- \/wp:paragraph --><!-- wp:paragraph --><\/p>\n<p>Jos asiakas peruuttaa palvelun tai v\u00e4lineist\u00f6n vuokrauksen alle viikkoa (1 viikko on 7 p\u00e4iv\u00e4\u00e4) ennen tilaisuuden ajankohtaa, on asiakas velvollinen korvaamaan 50% sovitusta summasta.<\/p>\n<p><!-- \/wp:paragraph --><!-- wp:paragraph --><\/p>\n<p>Jos asiakas peruuttaa palvelun tai v\u00e4lineist\u00f6n vuokrauksen 48 tuntia ennen tilaisuuden ajankohtaa, on asiakas velvollinen korvaamaan 100% sovitusta summasta.<\/p>\n<p><!-- \/wp:paragraph --><!-- wp:paragraph --><\/p>\n<p><em>Yli 30 henkil\u00f6n tilaisuudet<\/em><\/p>\n<p><!-- \/wp:paragraph --><!-- wp:paragraph --><\/p>\n<p>Jos asiakas peruuttaa palvelun tai v\u00e4lineist\u00f6n vuokrauksen v\u00e4hint\u00e4\u00e4n 2 (kahta) viikkoa ennen tilaisuuden ajankohtaa, ei t\u00e4st\u00e4 koidu asiakkaalle lis\u00e4kustannuksia.&nbsp;<\/p>\n<p><!-- \/wp:paragraph --><!-- wp:paragraph --><\/p>\n<p>Jos asiakas peruuttaa palvelun tai v\u00e4lineist\u00f6n vuokrauksen alle 2 viikkoa ( 14 p\u00e4iv\u00e4\u00e4 ) ennen tilaisuuden ajankohtaa, on asiakas velvollinen korvaamaan 50% sovitusta summasta.<\/p>\n<p><!-- \/wp:paragraph --><!-- wp:paragraph --><\/p>\n<p>Jos asiakas peruuttaa palvelun tai v\u00e4lineist\u00f6n vuokrauksen 72 tuntia ennen tilaisuuden ajankohtaa, on asiakas velvollinen korvaamaan 100% sovitusta summasta.<\/p>\n<p><!-- \/wp:paragraph --><!-- wp:paragraph --><\/p>\n<p>Kun asiakas on hyv\u00e4ksynyt tarjouksen tai hyv\u00e4ksynyt astioiden, v\u00e4lineist\u00f6n tai henkil\u00f6st\u00f6n vuokrauksen, on h\u00e4n velvollinen korvaamaan peruutuskustannukset, jos tilaisuus joudutaan perumaan.<\/p>\n<p><!-- \/wp:paragraph --><!-- wp:paragraph --><\/p>\n<p><strong>Osapuolten vastuut<\/strong><\/p>\n<p><!-- \/wp:paragraph --><!-- wp:paragraph --><\/p>\n<p>Vuokraaja on velvoitettu korvaamaan vuokratulle v\u00e4lineist\u00f6lle vuokra-aikana huolimattomasta ja virheellisest\u00e4 k\u00e4sittelyst\u00e4 aiheutuneet vahingot ja niiden korjaamisesta aiheutuneet kustannukset.&nbsp;<\/p>\n<p><!-- \/wp:paragraph --><!-- wp:paragraph --><\/p>\n<p>Vuokraaja on velvollinen korvaamaan vuokra-aikana k\u00e4ytt\u00f6kelvottomaksi tuhoutuneen tai kadonneen v\u00e4lineist\u00f6n uushankinta-arvon mukaisesti.<\/p>\n<p><!-- \/wp:paragraph --><!-- wp:paragraph --><\/p>\n<p>Marmelli Oy:n lupaus ja velvollisuus on vuokraussopimuksellaan luovuttaa vuokraajalle h\u00e4nen tilaamansa v\u00e4lineist\u00f6 toimivana sek\u00e4 turvallisesti pakattuna. Jos n\u00e4in ei ole, vuokraajan velvollisuus on ilmoittaa ongelmasta heti puhelimitse tai s\u00e4hk\u00f6postilla, jolloin Marmelli Oy:ll\u00e4 on mahdollisuus v\u00e4litt\u00f6m\u00e4sti korvata tilauksesta puuttuva tai rikkin\u00e4inen v\u00e4lineist\u00f6.&nbsp;<\/p>\n<p><!-- \/wp:paragraph --><!-- wp:paragraph --><\/p>\n<p>Vuokrav\u00e4lineist\u00f6 ei ole Marmelli Oy:n toimesta vakuutettu asiakkaan hallussa ollessaan (lukuun ottamatta per\u00e4k\u00e4rry\u00e4).&nbsp;<\/p>\n<p><!-- \/wp:paragraph --><!-- wp:paragraph --><\/p>\n<p><strong>Sopimusrikkomus<\/strong><\/p>\n<p><!-- \/wp:paragraph --><!-- wp:paragraph --><\/p>\n<p>Mik\u00e4li vuokraaja laiminly\u00f6 er\u00e4\u00e4ntyneiden vuokrien maksamisen tai muutoin olennaisesti rikkoo t\u00e4m\u00e4n sopimuksen ehtoja, on Marmelli Oy:ll\u00e4 oikeus purkaa t\u00e4m\u00e4 sopimus heti ja ottaa vuokrav\u00e4lineist\u00f6 takaisin haltuunsa vuokraajaa kuulematta. Samanlainen oikeus Marmelli Oy:ll\u00e4 on, jos vuokraajan toiminta tai h\u00e4nen taloudelliset olonsa osoittautuvat sellaisiksi, ett\u00e4 on painavia syit\u00e4 olettaa h\u00e4nen laiminly\u00f6v\u00e4n maksuvelvollisuutensa tai muutoin j\u00e4tt\u00e4v\u00e4n sopimusvelvollisuutensa olennaisilta osin t\u00e4ytt\u00e4m\u00e4tt\u00e4. Vuokraaja on velvollinen korvaamaan vuokrasopimuksen purkamisesta vuokranantajalle syntyneet kustannukset ja mahdollisen vahingon.<\/p>\n<p>Marmelli l\u00e4hett\u00e4\u00e4 maksamattomat laskut perint\u00e4\u00e4n kahden muistutuslaskun j\u00e4lkeen. Ensimm\u00e4inen maksumuistutus l\u00e4hetet\u00e4\u00e4n asiakkaalle 7 p\u00e4iv\u00e4\u00e4 annetun er\u00e4p\u00e4iv\u00e4n j\u00e4lkeen. Toinen maksumuistutus l\u00e4hetet\u00e4\u00e4n 14 p\u00e4iv\u00e4\u00e4 annetun er\u00e4p\u00e4iv\u00e4n j\u00e4lkeen ja maksamaton suoritus siirtyy perint\u00e4\u00e4n 21 p\u00e4iv\u00e4\u00e4 alkuper\u00e4isen er\u00e4p\u00e4iv\u00e4n j\u00e4lkeen.&nbsp;<\/p>\n<p><!-- \/wp:paragraph --><!-- wp:paragraph --><\/p>\n<p>Vuokraamalla Marmelli Oy:n omaisuutta, hyv\u00e4ksyt yll\u00e4olevat ehdot. Oikeudet muutoksiin pid\u00e4tet\u00e4\u00e4n.<\/p>\n<p><!-- \/wp:paragraph --><!-- wp:paragraph --><\/p>\n<p>Lis\u00e4tietoja ja apuja antavat:<\/p>\n<p><!-- \/wp:paragraph --><!-- wp:paragraph --><\/p>\n<p>Maija Ankkuri&nbsp; 0408207094<\/p>\n<p><!-- \/wp:paragraph --><!-- wp:paragraph --><\/p>\n<p><span class=\"elementor-icon-list-text\">Noora Kangosj\u00e4rvi 0407311097<\/span><\/p>\n<p><!-- \/wp:paragraph --><!-- wp:paragraph --><\/p>\n<p>marmelli@marmellioy.com<\/p>\n<p><!-- \/wp:paragraph --><\/p>\t\t\t\t\t\t<\/div>\n\t\t\t\t<\/div>\n\t\t\t\t\t<\/div>\n\t\t<\/div>\n\t\t\t\t\t<\/div>\n\t\t<\/section>\n\t\t\t\t<\/div>\n\t\t","protected":false},"excerpt":{"rendered":"<p>VUOKRAUS- JA TOIMITUSEHDOT Ehtojen soveltamisala ja sopijaosapuolet N\u00e4it\u00e4 sopimusehtoja sovelletaan Marmelli Oy:n ja asiakkaan (vuokraajan) v\u00e4lisiin astiavuokraus-, palvelu-, sek\u00e4 kalustonvuokraussopimuksiin. [&hellip;]<\/p>\n","protected":false},"author":2,"featured_media":0,"parent":0,"menu_order":0,"comment_status":"closed","ping_status":"open","template":"","meta":{"_uag_custom_page_level_css":"","site-sidebar-layout":"default","site-content-layout":"default","ast-site-content-layout":"default","site-content-style":"default","site-sidebar-style":"default","ast-global-header-display":"","ast-banner-title-visibility":"","ast-main-header-display":"","ast-hfb-above-header-display":"","ast-hfb-below-header-display":"","ast-hfb-mobile-header-display":"","site-post-title":"disabled","ast-breadcrumbs-content":"","ast-featured-img":"","footer-sml-layout":"","theme-transparent-header-meta":"default","adv-header-id-meta":"","stick-header-meta":"default","header-above-stick-meta":"","header-main-stick-meta":"","header-below-stick-meta":"","astra-migrate-meta-layouts":"set","ast-page-background-enabled":"default","ast-page-background-meta":{"desktop":{"background-color":"","background-image":"","background-repeat":"repeat","background-position":"center center","background-size":"auto","background-attachment":"scroll","background-type":"","background-media":"","overlay-type":"","overlay-color":"","overlay-opacity":"","overlay-gradient":""},"tablet":{"background-color":"","background-image":"","background-repeat":"repeat","background-position":"center center","background-size":"auto","background-attachment":"scroll","background-type":"","background-media":"","overlay-type":"","overlay-color":"","overlay-opacity":"","overlay-gradient":""},"mobile":{"background-color":"","background-image":"","background-repeat":"repeat","background-position":"center center","background-size":"auto","background-attachment":"scroll","background-type":"","background-media":"","overlay-type":"","overlay-color":"","overlay-opacity":"","overlay-gradient":""}},"ast-content-background-meta":{"desktop":{"background-color":"var(--ast-global-color-5)","background-image":"","background-repeat":"repeat","background-position":"center center","background-size":"auto","background-attachment":"scroll","background-type":"","background-media":"","overlay-type":"","overlay-color":"","overlay-opacity":"","overlay-gradient":""},"tablet":{"background-color":"var(--ast-global-color-5)","background-image":"","background-repeat":"repeat","background-position":"center center","background-size":"auto","background-attachment":"scroll","background-type":"","background-media":"","overlay-type":"","overlay-color":"","overlay-opacity":"","overlay-gradient":""},"mobile":{"background-color":"var(--ast-global-color-5)","background-image":"","background-repeat":"repeat","background-position":"center center","background-size":"auto","background-attachment":"scroll","background-type":"","background-media":"","overlay-type":"","overlay-color":"","overlay-opacity":"","overlay-gradient":""}},"footnotes":""},"class_list":["post-1066","page","type-page","status-publish","hentry"],"yoast_head":"<!-- This site is optimized with the Yoast SEO plugin v24.0 - https:\/\/yoast.com\/wordpress\/plugins\/seo\/ -->\n<title>Vuokraehdot - Marmelli<\/title>\n<meta name=\"robots\" content=\"index, follow, max-snippet:-1, max-image-preview:large, max-video-preview:-1\" \/>\n<link rel=\"canonical\" href=\"https:\/\/marmelli.fi\/?page_id=1066\" \/>\n<meta property=\"og:locale\" content=\"fi_FI\" \/>\n<meta property=\"og:type\" content=\"article\" \/>\n<meta property=\"og:title\" content=\"Vuokraehdot - Marmelli\" \/>\n<meta property=\"og:description\" content=\"VUOKRAUS- JA TOIMITUSEHDOT Ehtojen soveltamisala ja sopijaosapuolet N\u00e4it\u00e4 sopimusehtoja sovelletaan Marmelli Oy:n ja asiakkaan (vuokraajan) v\u00e4lisiin astiavuokraus-, palvelu-, sek\u00e4 kalustonvuokraussopimuksiin. [&hellip;]\" \/>\n<meta property=\"og:url\" content=\"https:\/\/marmelli.fi\/?page_id=1066\" \/>\n<meta property=\"og:site_name\" content=\"Marmelli\" \/>\n<meta property=\"article:publisher\" content=\"https:\/\/www.facebook.com\/marmellioy\/\" \/>\n<meta property=\"article:modified_time\" content=\"2026-04-30T10:39:02+00:00\" \/>\n<meta property=\"og:image\" content=\"https:\/\/marmelli.fi\/wp-content\/uploads\/2020\/10\/cropped-cropped-Kopio-tiedostosta-MARMELLI-e1602516172792-3.jpg\" \/>\n\t<meta property=\"og:image:width\" content=\"682\" \/>\n\t<meta property=\"og:image:height\" content=\"228\" \/>\n\t<meta property=\"og:image:type\" content=\"image\/jpeg\" \/>\n<meta name=\"twitter:card\" content=\"summary_large_image\" \/>\n<meta name=\"twitter:label1\" content=\"Arvioitu lukuaika\" \/>\n\t<meta name=\"twitter:data1\" content=\"5 minuuttia\" \/>\n<script type=\"application\/ld+json\" class=\"yoast-schema-graph\">{\"@context\":\"https:\/\/schema.org\",\"@graph\":[{\"@type\":\"WebPage\",\"@id\":\"https:\/\/marmelli.fi\/?page_id=1066\",\"url\":\"https:\/\/marmelli.fi\/?page_id=1066\",\"name\":\"Vuokraehdot - Marmelli\",\"isPartOf\":{\"@id\":\"https:\/\/marmelli.fi\/#website\"},\"datePublished\":\"2021-04-20T11:22:08+00:00\",\"dateModified\":\"2026-04-30T10:39:02+00:00\",\"breadcrumb\":{\"@id\":\"https:\/\/marmelli.fi\/?page_id=1066#breadcrumb\"},\"inLanguage\":\"fi\",\"potentialAction\":[{\"@type\":\"ReadAction\",\"target\":[\"https:\/\/marmelli.fi\/?page_id=1066\"]}]},{\"@type\":\"BreadcrumbList\",\"@id\":\"https:\/\/marmelli.fi\/?page_id=1066#breadcrumb\",\"itemListElement\":[{\"@type\":\"ListItem\",\"position\":1,\"name\":\"Home\",\"item\":\"https:\/\/marmelli.fi\/\"},{\"@type\":\"ListItem\",\"position\":2,\"name\":\"Vuokraehdot\"}]},{\"@type\":\"WebSite\",\"@id\":\"https:\/\/marmelli.fi\/#website\",\"url\":\"https:\/\/marmelli.fi\/\",\"name\":\"Marmelli Oy\",\"description\":\"Vuokraa astiat el&auml;m&auml;si hetkiin\",\"publisher\":{\"@id\":\"https:\/\/marmelli.fi\/#organization\"},\"potentialAction\":[{\"@type\":\"SearchAction\",\"target\":{\"@type\":\"EntryPoint\",\"urlTemplate\":\"https:\/\/marmelli.fi\/?s={search_term_string}\"},\"query-input\":{\"@type\":\"PropertyValueSpecification\",\"valueRequired\":true,\"valueName\":\"search_term_string\"}}],\"inLanguage\":\"fi\"},{\"@type\":\"Organization\",\"@id\":\"https:\/\/marmelli.fi\/#organization\",\"name\":\"Marmelli Oy\",\"url\":\"https:\/\/marmelli.fi\/\",\"logo\":{\"@type\":\"ImageObject\",\"inLanguage\":\"fi\",\"@id\":\"https:\/\/marmelli.fi\/#\/schema\/logo\/image\/\",\"url\":\"https:\/\/marmelli.fi\/wp-content\/uploads\/2020\/10\/cropped-Kopio-tiedostosta-MARMELLI-e1602516172792-3.jpg\",\"contentUrl\":\"https:\/\/marmelli.fi\/wp-content\/uploads\/2020\/10\/cropped-Kopio-tiedostosta-MARMELLI-e1602516172792-3.jpg\",\"width\":682,\"height\":230,\"caption\":\"Marmelli Oy\"},\"image\":{\"@id\":\"https:\/\/marmelli.fi\/#\/schema\/logo\/image\/\"},\"sameAs\":[\"https:\/\/www.facebook.com\/marmellioy\/\",\"https:\/\/www.instagram.com\/marmellioy\/\"]}]}<\/script>\n<!-- \/ Yoast SEO plugin. -->","yoast_head_json":{"title":"Vuokraehdot - Marmelli","robots":{"index":"index","follow":"follow","max-snippet":"max-snippet:-1","max-image-preview":"max-image-preview:large","max-video-preview":"max-video-preview:-1"},"canonical":"https:\/\/marmelli.fi\/?page_id=1066","og_locale":"fi_FI","og_type":"article","og_title":"Vuokraehdot - Marmelli","og_description":"VUOKRAUS- JA TOIMITUSEHDOT Ehtojen soveltamisala ja sopijaosapuolet N\u00e4it\u00e4 sopimusehtoja sovelletaan Marmelli Oy:n ja asiakkaan (vuokraajan) v\u00e4lisiin astiavuokraus-, palvelu-, sek\u00e4 kalustonvuokraussopimuksiin. [&hellip;]","og_url":"https:\/\/marmelli.fi\/?page_id=1066","og_site_name":"Marmelli","article_publisher":"https:\/\/www.facebook.com\/marmellioy\/","article_modified_time":"2026-04-30T10:39:02+00:00","og_image":[{"width":682,"height":228,"url":"https:\/\/marmelli.fi\/wp-content\/uploads\/2020\/10\/cropped-cropped-Kopio-tiedostosta-MARMELLI-e1602516172792-3.jpg","type":"image\/jpeg"}],"twitter_card":"summary_large_image","twitter_misc":{"Arvioitu lukuaika":"5 minuuttia"},"schema":{"@context":"https:\/\/schema.org","@graph":[{"@type":"WebPage","@id":"https:\/\/marmelli.fi\/?page_id=1066","url":"https:\/\/marmelli.fi\/?page_id=1066","name":"Vuokraehdot - Marmelli","isPartOf":{"@id":"https:\/\/marmelli.fi\/#website"},"datePublished":"2021-04-20T11:22:08+00:00","dateModified":"2026-04-30T10:39:02+00:00","breadcrumb":{"@id":"https:\/\/marmelli.fi\/?page_id=1066#breadcrumb"},"inLanguage":"fi","potentialAction":[{"@type":"ReadAction","target":["https:\/\/marmelli.fi\/?page_id=1066"]}]},{"@type":"BreadcrumbList","@id":"https:\/\/marmelli.fi\/?page_id=1066#breadcrumb","itemListElement":[{"@type":"ListItem","position":1,"name":"Home","item":"https:\/\/marmelli.fi\/"},{"@type":"ListItem","position":2,"name":"Vuokraehdot"}]},{"@type":"WebSite","@id":"https:\/\/marmelli.fi\/#website","url":"https:\/\/marmelli.fi\/","name":"Marmelli Oy","description":"Vuokraa astiat el&auml;m&auml;si hetkiin","publisher":{"@id":"https:\/\/marmelli.fi\/#organization"},"potentialAction":[{"@type":"SearchAction","target":{"@type":"EntryPoint","urlTemplate":"https:\/\/marmelli.fi\/?s={search_term_string}"},"query-input":{"@type":"PropertyValueSpecification","valueRequired":true,"valueName":"search_term_string"}}],"inLanguage":"fi"},{"@type":"Organization","@id":"https:\/\/marmelli.fi\/#organization","name":"Marmelli Oy","url":"https:\/\/marmelli.fi\/","logo":{"@type":"ImageObject","inLanguage":"fi","@id":"https:\/\/marmelli.fi\/#\/schema\/logo\/image\/","url":"https:\/\/marmelli.fi\/wp-content\/uploads\/2020\/10\/cropped-Kopio-tiedostosta-MARMELLI-e1602516172792-3.jpg","contentUrl":"https:\/\/marmelli.fi\/wp-content\/uploads\/2020\/10\/cropped-Kopio-tiedostosta-MARMELLI-e1602516172792-3.jpg","width":682,"height":230,"caption":"Marmelli Oy"},"image":{"@id":"https:\/\/marmelli.fi\/#\/schema\/logo\/image\/"},"sameAs":["https:\/\/www.facebook.com\/marmellioy\/","https:\/\/www.instagram.com\/marmellioy\/"]}]}},"jetpack_sharing_enabled":true,"uagb_featured_image_src":{"full":false,"thumbnail":false,"medium":false,"medium_large":false,"large":false,"1536x1536":false,"2048x2048":false,"woocommerce_thumbnail":false,"woocommerce_single":false,"woocommerce_gallery_thumbnail":false},"uagb_author_info":{"display_name":"Johannes Impi\u00f6","author_link":"https:\/\/marmelli.fi\/?author=2"},"uagb_comment_info":0,"uagb_excerpt":"VUOKRAUS- JA TOIMITUSEHDOT Ehtojen soveltamisala ja sopijaosapuolet N\u00e4it\u00e4 sopimusehtoja sovelletaan Marmelli Oy:n ja asiakkaan (vuokraajan) v\u00e4lisiin astiavuokraus-, palvelu-, sek\u00e4 kalustonvuokraussopimuksiin. [&hellip;]","_links":{"self":[{"href":"https:\/\/marmelli.fi\/index.php?rest_route=\/wp\/v2\/pages\/1066","targetHints":{"allow":["GET"]}}],"collection":[{"href":"https:\/\/marmelli.fi\/index.php?rest_route=\/wp\/v2\/pages"}],"about":[{"href":"https:\/\/marmelli.fi\/index.php?rest_route=\/wp\/v2\/types\/page"}],"author":[{"embeddable":true,"href":"https:\/\/marmelli.fi\/index.php?rest_route=\/wp\/v2\/users\/2"}],"replies":[{"embeddable":true,"href":"https:\/\/marmelli.fi\/index.php?rest_route=%2Fwp%2Fv2%2Fcomments&post=1066"}],"version-history":[{"count":28,"href":"https:\/\/marmelli.fi\/index.php?rest_route=\/wp\/v2\/pages\/1066\/revisions"}],"predecessor-version":[{"id":2503,"href":"https:\/\/marmelli.fi\/index.php?rest_route=\/wp\/v2\/pages\/1066\/revisions\/2503"}],"wp:attachment":[{"href":"https:\/\/marmelli.fi\/index.php?rest_route=%2Fwp%2Fv2%2Fmedia&parent=1066"}],"curies":[{"name":"wp","href":"https:\/\/api.w.org\/{rel}","templated":true}]}}