{"id":1233,"date":"2021-05-12T08:13:36","date_gmt":"2021-05-12T08:13:36","guid":{"rendered":"https:\/\/marmelli.fi\/?post_type=product&#038;p=1233"},"modified":"2023-12-11T09:07:35","modified_gmt":"2023-12-11T09:07:35","slug":"iso-viininjaahdytin","status":"publish","type":"product","link":"https:\/\/marmelli.fi\/?product=iso-viininjaahdytin","title":{"rendered":"Iso viininj\u00e4\u00e4hdytin"},"content":{"rendered":"","protected":false},"excerpt":{"rendered":"<p>Iso viininj\u00e4\u00e4hdytin \/ cooleri. T\u00e4h\u00e4n mahtuu kylm\u00e4\u00e4n monta pulloa j\u00e4iden sekaan!<\/p>\n","protected":false},"featured_media":2110,"template":"","meta":{"_uag_custom_page_level_css":"","site-sidebar-layout":"default","site-content-layout":"default","ast-site-content-layout":"default","site-content-style":"default","site-sidebar-style":"default","ast-global-header-display":"","ast-banner-title-visibility":"","ast-main-header-display":"","ast-hfb-above-header-display":"","ast-hfb-below-header-display":"","ast-hfb-mobile-header-display":"","site-post-title":"","ast-breadcrumbs-content":"","ast-featured-img":"","footer-sml-layout":"","theme-transparent-header-meta":"default","adv-header-id-meta":"","stick-header-meta":"default","header-above-stick-meta":"","header-main-stick-meta":"","header-below-stick-meta":"","astra-migrate-meta-layouts":"set","ast-page-background-enabled":"default","ast-page-background-meta":{"desktop":{"background-color":"","background-image":"","background-repeat":"repeat","background-position":"center center","background-size":"auto","background-attachment":"scroll","background-type":"","background-media":"","overlay-type":"","overlay-color":"","overlay-opacity":"","overlay-gradient":""},"tablet":{"background-color":"","background-image":"","background-repeat":"repeat","background-position":"center center","background-size":"auto","background-attachment":"scroll","background-type":"","background-media":"","overlay-type":"","overlay-color":"","overlay-opacity":"","overlay-gradient":""},"mobile":{"background-color":"","background-image":"","background-repeat":"repeat","background-position":"center center","background-size":"auto","background-attachment":"scroll","background-type":"","background-media":"","overlay-type":"","overlay-color":"","overlay-opacity":"","overlay-gradient":""}},"ast-content-background-meta":{"desktop":{"background-color":"var(--ast-global-color-5)","background-image":"","background-repeat":"repeat","background-position":"center center","background-size":"auto","background-attachment":"scroll","background-type":"","background-media":"","overlay-type":"","overlay-color":"","overlay-opacity":"","overlay-gradient":""},"tablet":{"background-color":"var(--ast-global-color-5)","background-image":"","background-repeat":"repeat","background-position":"center center","background-size":"auto","background-attachment":"scroll","background-type":"","background-media":"","overlay-type":"","overlay-color":"","overlay-opacity":"","overlay-gradient":""},"mobile":{"background-color":"var(--ast-global-color-5)","background-image":"","background-repeat":"repeat","background-position":"center center","background-size":"auto","background-attachment":"scroll","background-type":"","background-media":"","overlay-type":"","overlay-color":"","overlay-opacity":"","overlay-gradient":""}}},"product_brand":[],"product_cat":[132],"product_tag":[139,142,145],"class_list":{"0":"post-1233","1":"product","2":"type-product","3":"status-publish","4":"has-post-thumbnail","6":"product_cat-baaritarvikkeet","7":"product_tag-baari","8":"product_tag-cooleri","9":"product_tag-viininjahdytin","10":"desktop-align-center","11":"tablet-align-left","12":"mobile-align-left","13":"ast-product-gallery-layout-horizontal","14":"ast-product-gallery-with-no-image","15":"ast-magnify-disabled","16":"ast-product-tabs-layout-vertical","18":"first","19":"instock","20":"taxable","21":"shipping-taxable","22":"purchasable","23":"product-type-simple"},"yoast_head":"<!-- This site is optimized with the Yoast SEO plugin v24.0 - https:\/\/yoast.com\/wordpress\/plugins\/seo\/ -->\n<title>Iso viininj\u00e4\u00e4hdytin - Marmelli<\/title>\n<meta name=\"description\" content=\"Marmelli Oyn vuokrattavat astiat, juhliin, h\u00e4ihin ja muihin tilaisuuksiin\" \/>\n<meta name=\"robots\" content=\"index, follow, max-snippet:-1, max-image-preview:large, max-video-preview:-1\" \/>\n<link rel=\"canonical\" href=\"https:\/\/marmelli.fi\/?product=iso-viininjaahdytin\" \/>\n<meta property=\"og:locale\" content=\"fi_FI\" \/>\n<meta property=\"og:type\" content=\"article\" \/>\n<meta property=\"og:title\" content=\"Iso viininj\u00e4\u00e4hdytin - Marmelli\" \/>\n<meta property=\"og:description\" content=\"Marmelli Oyn vuokrattavat astiat, juhliin, h\u00e4ihin ja muihin tilaisuuksiin\" \/>\n<meta property=\"og:url\" content=\"https:\/\/marmelli.fi\/?product=iso-viininjaahdytin\" \/>\n<meta property=\"og:site_name\" content=\"Marmelli\" \/>\n<meta property=\"article:publisher\" content=\"https:\/\/www.facebook.com\/marmellioy\/\" \/>\n<meta property=\"article:modified_time\" content=\"2023-12-11T09:07:35+00:00\" \/>\n<meta property=\"og:image\" content=\"https:\/\/marmelli.fi\/wp-content\/uploads\/2021\/05\/Marmelli_tuotekuvat_iso_viininjaahdytin.jpg\" \/>\n\t<meta property=\"og:image:width\" content=\"500\" \/>\n\t<meta property=\"og:image:height\" content=\"500\" \/>\n\t<meta property=\"og:image:type\" content=\"image\/jpeg\" \/>\n<meta name=\"twitter:card\" content=\"summary_large_image\" \/>\n<script type=\"application\/ld+json\" class=\"yoast-schema-graph\">{\"@context\":\"https:\/\/schema.org\",\"@graph\":[{\"@type\":\"WebPage\",\"@id\":\"https:\/\/marmelli.fi\/?product=iso-viininjaahdytin\",\"url\":\"https:\/\/marmelli.fi\/?product=iso-viininjaahdytin\",\"name\":\"Iso viininj\u00e4\u00e4hdytin - Marmelli\",\"isPartOf\":{\"@id\":\"https:\/\/marmelli.fi\/#website\"},\"primaryImageOfPage\":{\"@id\":\"https:\/\/marmelli.fi\/?product=iso-viininjaahdytin#primaryimage\"},\"image\":{\"@id\":\"https:\/\/marmelli.fi\/?product=iso-viininjaahdytin#primaryimage\"},\"thumbnailUrl\":\"https:\/\/marmelli.fi\/wp-content\/uploads\/2021\/05\/Marmelli_tuotekuvat_iso_viininjaahdytin.jpg\",\"datePublished\":\"2021-05-12T08:13:36+00:00\",\"dateModified\":\"2023-12-11T09:07:35+00:00\",\"description\":\"Marmelli Oyn vuokrattavat astiat, juhliin, h\u00e4ihin ja muihin tilaisuuksiin\",\"breadcrumb\":{\"@id\":\"https:\/\/marmelli.fi\/?product=iso-viininjaahdytin#breadcrumb\"},\"inLanguage\":\"fi\",\"potentialAction\":[{\"@type\":\"ReadAction\",\"target\":[\"https:\/\/marmelli.fi\/?product=iso-viininjaahdytin\"]}]},{\"@type\":\"ImageObject\",\"inLanguage\":\"fi\",\"@id\":\"https:\/\/marmelli.fi\/?product=iso-viininjaahdytin#primaryimage\",\"url\":\"https:\/\/marmelli.fi\/wp-content\/uploads\/2021\/05\/Marmelli_tuotekuvat_iso_viininjaahdytin.jpg\",\"contentUrl\":\"https:\/\/marmelli.fi\/wp-content\/uploads\/2021\/05\/Marmelli_tuotekuvat_iso_viininjaahdytin.jpg\",\"width\":500,\"height\":500},{\"@type\":\"BreadcrumbList\",\"@id\":\"https:\/\/marmelli.fi\/?product=iso-viininjaahdytin#breadcrumb\",\"itemListElement\":[{\"@type\":\"ListItem\",\"position\":1,\"name\":\"Home\",\"item\":\"https:\/\/marmelli.fi\/\"},{\"@type\":\"ListItem\",\"position\":2,\"name\":\"Tuotteet\",\"item\":\"https:\/\/marmelli.fi\/?page_id=328\"},{\"@type\":\"ListItem\",\"position\":3,\"name\":\"Iso viininj\u00e4\u00e4hdytin\"}]},{\"@type\":\"WebSite\",\"@id\":\"https:\/\/marmelli.fi\/#website\",\"url\":\"https:\/\/marmelli.fi\/\",\"name\":\"Marmelli Oy\",\"description\":\"Vuokraa astiat el&auml;m&auml;si hetkiin\",\"publisher\":{\"@id\":\"https:\/\/marmelli.fi\/#organization\"},\"potentialAction\":[{\"@type\":\"SearchAction\",\"target\":{\"@type\":\"EntryPoint\",\"urlTemplate\":\"https:\/\/marmelli.fi\/?s={search_term_string}\"},\"query-input\":{\"@type\":\"PropertyValueSpecification\",\"valueRequired\":true,\"valueName\":\"search_term_string\"}}],\"inLanguage\":\"fi\"},{\"@type\":\"Organization\",\"@id\":\"https:\/\/marmelli.fi\/#organization\",\"name\":\"Marmelli Oy\",\"url\":\"https:\/\/marmelli.fi\/\",\"logo\":{\"@type\":\"ImageObject\",\"inLanguage\":\"fi\",\"@id\":\"https:\/\/marmelli.fi\/#\/schema\/logo\/image\/\",\"url\":\"https:\/\/marmelli.fi\/wp-content\/uploads\/2020\/10\/cropped-Kopio-tiedostosta-MARMELLI-e1602516172792-3.jpg\",\"contentUrl\":\"https:\/\/marmelli.fi\/wp-content\/uploads\/2020\/10\/cropped-Kopio-tiedostosta-MARMELLI-e1602516172792-3.jpg\",\"width\":682,\"height\":230,\"caption\":\"Marmelli Oy\"},\"image\":{\"@id\":\"https:\/\/marmelli.fi\/#\/schema\/logo\/image\/\"},\"sameAs\":[\"https:\/\/www.facebook.com\/marmellioy\/\",\"https:\/\/www.instagram.com\/marmellioy\/\"]}]}<\/script>\n<!-- \/ Yoast SEO plugin. -->","yoast_head_json":{"title":"Iso viininj\u00e4\u00e4hdytin - Marmelli","description":"Marmelli Oyn vuokrattavat astiat, juhliin, h\u00e4ihin ja muihin tilaisuuksiin","robots":{"index":"index","follow":"follow","max-snippet":"max-snippet:-1","max-image-preview":"max-image-preview:large","max-video-preview":"max-video-preview:-1"},"canonical":"https:\/\/marmelli.fi\/?product=iso-viininjaahdytin","og_locale":"fi_FI","og_type":"article","og_title":"Iso viininj\u00e4\u00e4hdytin - Marmelli","og_description":"Marmelli Oyn vuokrattavat astiat, juhliin, h\u00e4ihin ja muihin tilaisuuksiin","og_url":"https:\/\/marmelli.fi\/?product=iso-viininjaahdytin","og_site_name":"Marmelli","article_publisher":"https:\/\/www.facebook.com\/marmellioy\/","article_modified_time":"2023-12-11T09:07:35+00:00","og_image":[{"width":500,"height":500,"url":"https:\/\/marmelli.fi\/wp-content\/uploads\/2021\/05\/Marmelli_tuotekuvat_iso_viininjaahdytin.jpg","type":"image\/jpeg"}],"twitter_card":"summary_large_image","schema":{"@context":"https:\/\/schema.org","@graph":[{"@type":"WebPage","@id":"https:\/\/marmelli.fi\/?product=iso-viininjaahdytin","url":"https:\/\/marmelli.fi\/?product=iso-viininjaahdytin","name":"Iso viininj\u00e4\u00e4hdytin - Marmelli","isPartOf":{"@id":"https:\/\/marmelli.fi\/#website"},"primaryImageOfPage":{"@id":"https:\/\/marmelli.fi\/?product=iso-viininjaahdytin#primaryimage"},"image":{"@id":"https:\/\/marmelli.fi\/?product=iso-viininjaahdytin#primaryimage"},"thumbnailUrl":"https:\/\/marmelli.fi\/wp-content\/uploads\/2021\/05\/Marmelli_tuotekuvat_iso_viininjaahdytin.jpg","datePublished":"2021-05-12T08:13:36+00:00","dateModified":"2023-12-11T09:07:35+00:00","description":"Marmelli Oyn vuokrattavat astiat, juhliin, h\u00e4ihin ja muihin tilaisuuksiin","breadcrumb":{"@id":"https:\/\/marmelli.fi\/?product=iso-viininjaahdytin#breadcrumb"},"inLanguage":"fi","potentialAction":[{"@type":"ReadAction","target":["https:\/\/marmelli.fi\/?product=iso-viininjaahdytin"]}]},{"@type":"ImageObject","inLanguage":"fi","@id":"https:\/\/marmelli.fi\/?product=iso-viininjaahdytin#primaryimage","url":"https:\/\/marmelli.fi\/wp-content\/uploads\/2021\/05\/Marmelli_tuotekuvat_iso_viininjaahdytin.jpg","contentUrl":"https:\/\/marmelli.fi\/wp-content\/uploads\/2021\/05\/Marmelli_tuotekuvat_iso_viininjaahdytin.jpg","width":500,"height":500},{"@type":"BreadcrumbList","@id":"https:\/\/marmelli.fi\/?product=iso-viininjaahdytin#breadcrumb","itemListElement":[{"@type":"ListItem","position":1,"name":"Home","item":"https:\/\/marmelli.fi\/"},{"@type":"ListItem","position":2,"name":"Tuotteet","item":"https:\/\/marmelli.fi\/?page_id=328"},{"@type":"ListItem","position":3,"name":"Iso viininj\u00e4\u00e4hdytin"}]},{"@type":"WebSite","@id":"https:\/\/marmelli.fi\/#website","url":"https:\/\/marmelli.fi\/","name":"Marmelli Oy","description":"Vuokraa astiat el&auml;m&auml;si hetkiin","publisher":{"@id":"https:\/\/marmelli.fi\/#organization"},"potentialAction":[{"@type":"SearchAction","target":{"@type":"EntryPoint","urlTemplate":"https:\/\/marmelli.fi\/?s={search_term_string}"},"query-input":{"@type":"PropertyValueSpecification","valueRequired":true,"valueName":"search_term_string"}}],"inLanguage":"fi"},{"@type":"Organization","@id":"https:\/\/marmelli.fi\/#organization","name":"Marmelli Oy","url":"https:\/\/marmelli.fi\/","logo":{"@type":"ImageObject","inLanguage":"fi","@id":"https:\/\/marmelli.fi\/#\/schema\/logo\/image\/","url":"https:\/\/marmelli.fi\/wp-content\/uploads\/2020\/10\/cropped-Kopio-tiedostosta-MARMELLI-e1602516172792-3.jpg","contentUrl":"https:\/\/marmelli.fi\/wp-content\/uploads\/2020\/10\/cropped-Kopio-tiedostosta-MARMELLI-e1602516172792-3.jpg","width":682,"height":230,"caption":"Marmelli Oy"},"image":{"@id":"https:\/\/marmelli.fi\/#\/schema\/logo\/image\/"},"sameAs":["https:\/\/www.facebook.com\/marmellioy\/","https:\/\/www.instagram.com\/marmellioy\/"]}]}},"jetpack_sharing_enabled":true,"uagb_featured_image_src":{"full":["https:\/\/marmelli.fi\/wp-content\/uploads\/2021\/05\/Marmelli_tuotekuvat_iso_viininjaahdytin.jpg",500,500,false],"thumbnail":["https:\/\/marmelli.fi\/wp-content\/uploads\/2021\/05\/Marmelli_tuotekuvat_iso_viininjaahdytin-150x150.jpg",150,150,true],"medium":["https:\/\/marmelli.fi\/wp-content\/uploads\/2021\/05\/Marmelli_tuotekuvat_iso_viininjaahdytin-300x300.jpg",300,300,true],"medium_large":["https:\/\/marmelli.fi\/wp-content\/uploads\/2021\/05\/Marmelli_tuotekuvat_iso_viininjaahdytin.jpg",500,500,false],"large":["https:\/\/marmelli.fi\/wp-content\/uploads\/2021\/05\/Marmelli_tuotekuvat_iso_viininjaahdytin.jpg",500,500,false],"1536x1536":["https:\/\/marmelli.fi\/wp-content\/uploads\/2021\/05\/Marmelli_tuotekuvat_iso_viininjaahdytin.jpg",500,500,false],"2048x2048":["https:\/\/marmelli.fi\/wp-content\/uploads\/2021\/05\/Marmelli_tuotekuvat_iso_viininjaahdytin.jpg",500,500,false],"woocommerce_thumbnail":["https:\/\/marmelli.fi\/wp-content\/uploads\/2021\/05\/Marmelli_tuotekuvat_iso_viininjaahdytin.jpg",500,500,false],"woocommerce_single":["https:\/\/marmelli.fi\/wp-content\/uploads\/2021\/05\/Marmelli_tuotekuvat_iso_viininjaahdytin.jpg",500,500,false],"woocommerce_gallery_thumbnail":["https:\/\/marmelli.fi\/wp-content\/uploads\/2021\/05\/Marmelli_tuotekuvat_iso_viininjaahdytin-100x100.jpg",100,100,true]},"uagb_author_info":{"display_name":"admin","author_link":"https:\/\/marmelli.fi\/?author=0"},"uagb_comment_info":0,"uagb_excerpt":"Iso viininj\u00e4\u00e4hdytin \/ cooleri. T\u00e4h\u00e4n mahtuu kylm\u00e4\u00e4n monta pulloa j\u00e4iden sekaan!","_links":{"self":[{"href":"https:\/\/marmelli.fi\/index.php?rest_route=\/wp\/v2\/product\/1233","targetHints":{"allow":["GET"]}}],"collection":[{"href":"https:\/\/marmelli.fi\/index.php?rest_route=\/wp\/v2\/product"}],"about":[{"href":"https:\/\/marmelli.fi\/index.php?rest_route=\/wp\/v2\/types\/product"}],"wp:featuredmedia":[{"embeddable":true,"href":"https:\/\/marmelli.fi\/index.php?rest_route=\/wp\/v2\/media\/2110"}],"wp:attachment":[{"href":"https:\/\/marmelli.fi\/index.php?rest_route=%2Fwp%2Fv2%2Fmedia&parent=1233"}],"wp:term":[{"taxonomy":"product_brand","embeddable":true,"href":"https:\/\/marmelli.fi\/index.php?rest_route=%2Fwp%2Fv2%2Fproduct_brand&post=1233"},{"taxonomy":"product_cat","embeddable":true,"href":"https:\/\/marmelli.fi\/index.php?rest_route=%2Fwp%2Fv2%2Fproduct_cat&post=1233"},{"taxonomy":"product_tag","embeddable":true,"href":"https:\/\/marmelli.fi\/index.php?rest_route=%2Fwp%2Fv2%2Fproduct_tag&post=1233"}],"curies":[{"name":"wp","href":"https:\/\/api.w.org\/{rel}","templated":true}]}}